{"id":116,"date":"2020-05-07T14:43:33","date_gmt":"2020-05-07T12:43:33","guid":{"rendered":"https:\/\/covid-simulator.com\/?page_id=116"},"modified":"2020-10-15T17:27:11","modified_gmt":"2020-10-15T15:27:11","slug":"impressum","status":"publish","type":"page","link":"https:\/\/covid-simulator.com\/en\/impressum\/","title":{"rendered":""},"content":{"rendered":"\n<div class=\"impressum\">Angaben gem\u00e4\u00df \u00a7 5 TMG\n<p>\u00a0<\/p>\n<p>Prof. Dr. Thorsten Lehr<br \/>Universit\u00e4t des Saarlandes<br \/>Campus C2 2<br \/>66123 Saarbr\u00fccken<\/p>\n<p><strong>Vertreten durch: <\/strong><br \/>Prof. Dr. Thorsten Lehr<\/p>\n<p><strong>Kontakt:<\/strong><br \/>Telefon: +49-681-302-70255<br \/>Fax: +49-681-302-70258<br \/>E-Mail: <a href=\"mailto:thorsten.lehr@mx.uni-saarland.de\">thorsten.lehr@mx.uni-saarland.de<\/a><\/p>\n<p><strong>Verantwortlich f\u00fcr den Inhalt nach \u00a7 55 Abs. 2 RStV:<\/strong><br \/>Dr. Thorsten Lehr<\/p>\n<p><strong>Software<br \/><\/strong>Die Modellentwicklung wurde in der Software <a href=\"https:\/\/www.iconplc.com\/innovation\/nonmem\/\">NONMEM<sup>&reg;<\/sup><\/a> durchgef\u00fchrt.<br \/>Berichte, Plots und Auswertungen wurden in der <a href=\"https:\/\/www.r-project.org\/\">Programmiersprache R<\/a> erstellt, wobei folgende Pakete eingesetzt wurden: <a href=\"https:\/\/www.tidyverse.org\/\">Tidyverse<\/a>, <a href=\"https:\/\/rmarkdown.rstudio.com\/\">rmarkdown<\/a>, <a href=\"https:\/\/cran.r-project.org\/web\/packages\/kableExtra\/\">kableExtra<\/a>, <a href=\"https:\/\/cran.r-project.org\/web\/packages\/gridExtra\/\">gridExtra<\/a>, <a href=\"https:\/\/www.r-project.org\/nosvn\/pandoc\/pander.html\">pander<\/a> und <a href=\"https:\/\/cran.r-project.org\/web\/packages\/knitr\/\">knitr<\/a>.<\/p>\n<p><strong>Haftung f\u00fcr Inhalte<\/strong><\/p>\n<p>Die Inhalte unserer Seiten wurden mit gr\u00f6\u00dfter Sorgfalt erstellt. F\u00fcr die Richtigkeit, Vollst\u00e4ndigkeit und Aktualit\u00e4t der Inhalte k\u00f6nnen wir jedoch keine Gew\u00e4hr \u00fcbernehmen. Als Diensteanbieter sind wir gem\u00e4\u00df \u00a7 7 Abs.1 TMG f\u00fcr eigene Inhalte auf diesen Seiten nach den allgemeinen Gesetzen verantwortlich. Nach \u00a7\u00a7 8 bis 10 TMG sind wir als Diensteanbieter jedoch nicht verpflichtet, \u00fcbermittelte oder gespeicherte fremde Informationen zu \u00fcberwachen oder nach Umst\u00e4nden zu forschen, die auf eine rechtswidrige T\u00e4tigkeit hinweisen. Verpflichtungen zur Entfernung oder Sperrung der Nutzung von Informationen nach den allgemeinen Gesetzen bleiben hiervon unber\u00fchrt. Eine diesbez\u00fcgliche Haftung ist jedoch erst ab dem Zeitpunkt der Kenntnis einer konkreten Rechtsverletzung m\u00f6glich. Bei Bekanntwerden von entsprechenden Rechtsverletzungen werden wir diese Inhalte umgehend entfernen.<\/p>\n<p><strong>Haftung f\u00fcr Links<\/strong><\/p>\n<p>Unser Angebot enth\u00e4lt Links zu externen Webseiten Dritter, auf deren Inhalte wir keinen Einfluss haben. Deshalb k\u00f6nnen wir f\u00fcr diese fremden Inhalte auch keine Gew\u00e4hr \u00fcbernehmen. F\u00fcr die Inhalte der verlinkten Seiten ist stets der jeweilige Anbieter oder Betreiber der Seiten verantwortlich. Die verlinkten Seiten wurden zum Zeitpunkt der Verlinkung auf m\u00f6gliche Rechtsverst\u00f6\u00dfe \u00fcberpr\u00fcft. Rechtswidrige Inhalte waren zum Zeitpunkt der Verlinkung nicht erkennbar. Eine permanente inhaltliche Kontrolle der verlinkten Seiten ist jedoch ohne konkrete Anhaltspunkte einer Rechtsverletzung nicht zumutbar. Bei Bekanntwerden von Rechtsverletzungen werden wir derartige Links umgehend entfernen.<\/p>\n<p><strong>Urheber- und Kennzeichenrecht<\/strong><br \/>Der Autor ist bestrebt, in allen Publikationen die Urheberrechte der verwendeten Bilder, Grafiken, Tondokumente, Videosequenzen und Texte zu beachten, von ihm selbst erstellte Bilder, Grafiken, Tondokumente, Videosequenzen und Texte zu nutzen oder auf lizenzfreie Grafiken, Tondokumente, Videosequenzen und Texte zur\u00fcckzugreifen. Alle innerhalb des Internetangebotes genannten und ggf. durch Dritte gesch\u00fctzten Marken- und Warenzeichen unterliegen uneingeschr\u00e4nkt den Bestimmungen des jeweils g\u00fcltigen Kennzeichenrechts und den Besitzrechten der jeweiligen eingetragenen Eigent\u00fcmer. Allein aufgrund der blo\u00dfen Nennung ist nicht der Schluss zu ziehen, dass Markenzeichen nicht durch Rechte Dritter gesch\u00fctzt sind! Das Copyright f\u00fcr ver\u00f6ffentlichte, vom Autor selbst erstellte Objekte bleibt allein beim Autor der Seiten. Eine Vervielf\u00e4ltigung oder Verwendung solcher Grafiken, Tondokumente, Videosequenzen und Texte in anderen elektronischen oder gedruckten Publikationen ist ohne ausdr\u00fcckliche Zustimmung des Autors nicht gestattet.<\/p>\n<p>Impressum vom <a href=\"https:\/\/www.impressum-generator.de\">Impressum Generator<\/a> der <a href=\"https:\/\/www.kanzlei-hasselbach.de\/\">Kanzlei Hasselbach, Rechtsanw\u00e4lte f\u00fcr Arbeitsrecht und Familienrecht<\/a><\/p>\n<\/div>\n","protected":false},"excerpt":{"rendered":"<p>Angaben gem\u00e4\u00df \u00a7 5 TMG \u00a0 Prof. Dr. Thorsten LehrUniversit\u00e4t des SaarlandesCampus C2 266123 Saarbr\u00fccken Vertreten durch: Prof. Dr. Thorsten Lehr Kontakt:Telefon: +49-681-302-70255Fax: +49-681-302-70258E-Mail: thorsten.lehr@mx.uni-saarland.de Verantwortlich f\u00fcr den Inhalt nach \u00a7 55 Abs. 2 RStV:Dr. Thorsten Lehr SoftwareDie Modellentwicklung wurde in der Software NONMEM&reg; durchgef\u00fchrt.Berichte, Plots und Auswertungen wurden in der Programmiersprache R erstellt, wobei &hellip; <a href=\"https:\/\/covid-simulator.com\/en\/impressum\/\" class=\"more-link\">Continue reading <span class=\"screen-reader-text\"><\/span> <span class=\"meta-nav\">&rarr;<\/span><\/a><\/p>\n","protected":false},"author":1,"featured_media":0,"parent":0,"menu_order":0,"comment_status":"closed","ping_status":"closed","template":"","meta":{"footnotes":""},"translation":{"provider":"WPGlobus","version":"2.12.2","language":"en","enabled_languages":["de","en"],"languages":{"de":{"title":false,"content":true,"excerpt":false},"en":{"title":false,"content":false,"excerpt":false}}},"yoast_head":"<!-- This site is optimized with the Yoast SEO plugin v22.5 - https:\/\/yoast.com\/wordpress\/plugins\/seo\/ -->\n<title>&#8211; COVID-19 Simulator<\/title>\n<meta name=\"robots\" content=\"index, follow, max-snippet:-1, max-image-preview:large, max-video-preview:-1\" \/>\n<link rel=\"canonical\" href=\"https:\/\/covid-simulator.com\/impressum\/\" \/>\n<meta property=\"og:locale\" content=\"en_US\" \/>\n<meta property=\"og:type\" content=\"article\" \/>\n<meta property=\"og:title\" content=\"&#8211; COVID-19 Simulator\" \/>\n<meta property=\"og:url\" content=\"https:\/\/covid-simulator.com\/impressum\/\" \/>\n<meta property=\"og:site_name\" content=\"COVID-19 Simulator\" \/>\n<meta property=\"article:modified_time\" content=\"2020-10-15T15:27:11+00:00\" \/>\n<meta name=\"twitter:card\" content=\"summary_large_image\" \/>\n<meta name=\"twitter:label1\" content=\"Est. reading time\" \/>\n\t<meta name=\"twitter:data1\" content=\"2 minutes\" \/>\n<script type=\"application\/ld+json\" class=\"yoast-schema-graph\">{\"@context\":\"https:\/\/schema.org\",\"@graph\":[{\"@type\":\"WebPage\",\"@id\":\"https:\/\/covid-simulator.com\/impressum\/\",\"url\":\"https:\/\/covid-simulator.com\/impressum\/\",\"name\":\"&#8211; COVID-19 Simulator\",\"isPartOf\":{\"@id\":\"https:\/\/covid-simulator.com\/#website\"},\"datePublished\":\"2020-05-07T12:43:33+00:00\",\"dateModified\":\"2020-10-15T15:27:11+00:00\",\"inLanguage\":\"en-US\",\"potentialAction\":[{\"@type\":\"ReadAction\",\"target\":[\"https:\/\/covid-simulator.com\/impressum\/\"]}]},{\"@type\":\"WebSite\",\"@id\":\"https:\/\/covid-simulator.com\/#website\",\"url\":\"https:\/\/covid-simulator.com\/\",\"name\":\"COVID-19 Simulator\",\"description\":\"Modelling for the German federal states\",\"publisher\":{\"@id\":\"https:\/\/covid-simulator.com\/#organization\"},\"potentialAction\":[{\"@type\":\"SearchAction\",\"target\":{\"@type\":\"EntryPoint\",\"urlTemplate\":\"https:\/\/covid-simulator.com\/?s={search_term_string}\"},\"query-input\":\"required name=search_term_string\"}],\"inLanguage\":\"en-US\"},{\"@type\":\"Organization\",\"@id\":\"https:\/\/covid-simulator.com\/#organization\",\"name\":\"Clinical Pharmacy - Saarland University\",\"url\":\"https:\/\/covid-simulator.com\/\",\"logo\":{\"@type\":\"ImageObject\",\"inLanguage\":\"en-US\",\"@id\":\"https:\/\/covid-simulator.com\/#\/schema\/logo\/image\/\",\"url\":\"https:\/\/covid-simulator.com\/wp-content\/uploads\/2020\/05\/unieule.png\",\"contentUrl\":\"https:\/\/covid-simulator.com\/wp-content\/uploads\/2020\/05\/unieule.png\",\"width\":428,\"height\":480,\"caption\":\"Clinical Pharmacy - Saarland University\"},\"image\":{\"@id\":\"https:\/\/covid-simulator.com\/#\/schema\/logo\/image\/\"}}]}<\/script>\n<!-- \/ Yoast SEO plugin. -->","yoast_head_json":{"title":"&#8211; COVID-19 Simulator","robots":{"index":"index","follow":"follow","max-snippet":"max-snippet:-1","max-image-preview":"max-image-preview:large","max-video-preview":"max-video-preview:-1"},"canonical":"https:\/\/covid-simulator.com\/impressum\/","og_locale":"en_US","og_type":"article","og_title":"&#8211; COVID-19 Simulator","og_url":"https:\/\/covid-simulator.com\/impressum\/","og_site_name":"COVID-19 Simulator","article_modified_time":"2020-10-15T15:27:11+00:00","twitter_card":"summary_large_image","twitter_misc":{"Est. reading time":"2 minutes"},"schema":{"@context":"https:\/\/schema.org","@graph":[{"@type":"WebPage","@id":"https:\/\/covid-simulator.com\/impressum\/","url":"https:\/\/covid-simulator.com\/impressum\/","name":"&#8211; COVID-19 Simulator","isPartOf":{"@id":"https:\/\/covid-simulator.com\/#website"},"datePublished":"2020-05-07T12:43:33+00:00","dateModified":"2020-10-15T15:27:11+00:00","inLanguage":"en-US","potentialAction":[{"@type":"ReadAction","target":["https:\/\/covid-simulator.com\/impressum\/"]}]},{"@type":"WebSite","@id":"https:\/\/covid-simulator.com\/#website","url":"https:\/\/covid-simulator.com\/","name":"COVID-19 Simulator","description":"Modelling for the German federal states","publisher":{"@id":"https:\/\/covid-simulator.com\/#organization"},"potentialAction":[{"@type":"SearchAction","target":{"@type":"EntryPoint","urlTemplate":"https:\/\/covid-simulator.com\/?s={search_term_string}"},"query-input":"required name=search_term_string"}],"inLanguage":"en-US"},{"@type":"Organization","@id":"https:\/\/covid-simulator.com\/#organization","name":"Clinical Pharmacy - Saarland University","url":"https:\/\/covid-simulator.com\/","logo":{"@type":"ImageObject","inLanguage":"en-US","@id":"https:\/\/covid-simulator.com\/#\/schema\/logo\/image\/","url":"https:\/\/covid-simulator.com\/wp-content\/uploads\/2020\/05\/unieule.png","contentUrl":"https:\/\/covid-simulator.com\/wp-content\/uploads\/2020\/05\/unieule.png","width":428,"height":480,"caption":"Clinical Pharmacy - Saarland University"},"image":{"@id":"https:\/\/covid-simulator.com\/#\/schema\/logo\/image\/"}}]}},"_links":{"self":[{"href":"https:\/\/covid-simulator.com\/en\/wp-json\/wp\/v2\/pages\/116"}],"collection":[{"href":"https:\/\/covid-simulator.com\/en\/wp-json\/wp\/v2\/pages"}],"about":[{"href":"https:\/\/covid-simulator.com\/en\/wp-json\/wp\/v2\/types\/page"}],"author":[{"embeddable":true,"href":"https:\/\/covid-simulator.com\/en\/wp-json\/wp\/v2\/users\/1"}],"replies":[{"embeddable":true,"href":"https:\/\/covid-simulator.com\/en\/wp-json\/wp\/v2\/comments?post=116"}],"version-history":[{"count":3,"href":"https:\/\/covid-simulator.com\/en\/wp-json\/wp\/v2\/pages\/116\/revisions"}],"predecessor-version":[{"id":416,"href":"https:\/\/covid-simulator.com\/en\/wp-json\/wp\/v2\/pages\/116\/revisions\/416"}],"wp:attachment":[{"href":"https:\/\/covid-simulator.com\/en\/wp-json\/wp\/v2\/media?parent=116"}],"curies":[{"name":"wp","href":"https:\/\/api.w.org\/{rel}","templated":true}]}}